{"id":183,"date":"2017-05-21T18:28:52","date_gmt":"2017-05-21T18:28:52","guid":{"rendered":"https:\/\/victorthemes.com\/themes\/rodich\/?page_id=183"},"modified":"2021-10-07T14:36:05","modified_gmt":"2021-10-07T11:36:05","slug":"contact","status":"publish","type":"page","link":"https:\/\/abidinusta.com.tr\/?page_id=183","title":{"rendered":"\u0130leti\u015fim"},"content":{"rendered":"<p>[vc_row overlay_dotted=&#8221;&#8221; css=&#8221;.vc_custom_1495447296627{padding-top: 80px !important;padding-bottom: 55px !important;}&#8221;][vc_column width=&#8221;1\/2&#8243;][vc_column_text]<\/p>\n<h5>TUZPAZARI<\/h5>\n<p>Adres: Alacamescit Mahallesi, Bayathane Cad, Tuzpazar\u0131 No:8 Osmangazi\/Bursa<br \/>\nTel: (0224) 222 23 78<br \/>\n<a href=\"https:\/\/www.google.com\/search?q=abidin%20usta&amp;hl=tr&amp;sxsrf=AOaemvLxLpuV03RUYhuei1mVwJmtj3w7MQ:1633606349260&amp;source=hp&amp;ei=ydpeYYicLJutqtsP6sG7wAg&amp;iflsig=ALs-wAMAAAAAYV7o2eb_K4z7qVpvgKhbgaMqyBXhePzl&amp;ved=2ahUKEwi4lpnxmbjzAhW6gP0HHWvpDkcQvS56BAgKEDs&amp;uact=5&amp;oq=abidin+usta&amp;gs_lcp=Cgdnd3Mtd2l6EAMyBAgjECcyBAgjECcyCgguEMcBEK8BEEMyBwgAEMkDEEMyBQgAEJIDMgsILhCABBDHARCvATIFCAAQgAQyBQgAEIAEMgUIABCABDIFCAAQgAQ6BAgAEEM6BAguEEM6CAgAEIAEELEDOgcILhCxAxBDOgsIABCABBCxAxCDAToICC4QgAQQsQNQhglY_hZg0hhoAHAAeACAAbYBiAGSC5IBBDAuMTGYAQCgAQE&amp;sclient=gws-wiz&amp;tbs=lf:1,lf_ui:9&amp;tbm=lcl&amp;rflfq=1&amp;num=10&amp;rldimm=7809707774228799532&amp;lqi=CgthYmlkaW4gdXN0YUjUrp3h5YCAgAhaHRAAEAEYABgBIgthYmlkaW4gdXN0YSoGCAIQABABkgESdHVya2lzaF9yZXN0YXVyYW50mgEjQ2haRFNVaE5NRzluUzBWSlEwRm5TVU5qTlRjek1FRm5FQUWqARMQASoPIgthYmlkaW4gdXN0YSgh&amp;phdesc=2-t1xHb74rY&amp;rlst=f#rlfi=hd:;si:7809707774228799532;mv:[[40.186018150192176,29.068432838806938],[40.18356740264431,29.062446148285698],null,[40.18479278748553,29.065439493546318],18]\" target=\"_blank\" rel=\"noopener\"><img loading=\"lazy\" decoding=\"async\" class=\"alignnone wp-image-1571\" src=\"https:\/\/selimkusmez.com\/abidinusta\/wp-content\/uploads\/2021\/10\/konum.png\" alt=\"\" width=\"22\" height=\"22\" \/><\/a> <a href=\"https:\/\/www.google.com\/search?q=abidin%20usta&amp;hl=tr&amp;sxsrf=AOaemvLxLpuV03RUYhuei1mVwJmtj3w7MQ:1633606349260&amp;source=hp&amp;ei=ydpeYYicLJutqtsP6sG7wAg&amp;iflsig=ALs-wAMAAAAAYV7o2eb_K4z7qVpvgKhbgaMqyBXhePzl&amp;ved=2ahUKEwi4lpnxmbjzAhW6gP0HHWvpDkcQvS56BAgKEDs&amp;uact=5&amp;oq=abidin+usta&amp;gs_lcp=Cgdnd3Mtd2l6EAMyBAgjECcyBAgjECcyCgguEMcBEK8BEEMyBwgAEMkDEEMyBQgAEJIDMgsILhCABBDHARCvATIFCAAQgAQyBQgAEIAEMgUIABCABDIFCAAQgAQ6BAgAEEM6BAguEEM6CAgAEIAEELEDOgcILhCxAxBDOgsIABCABBCxAxCDAToICC4QgAQQsQNQhglY_hZg0hhoAHAAeACAAbYBiAGSC5IBBDAuMTGYAQCgAQE&amp;sclient=gws-wiz&amp;tbs=lf:1,lf_ui:9&amp;tbm=lcl&amp;rflfq=1&amp;num=10&amp;rldimm=7809707774228799532&amp;lqi=CgthYmlkaW4gdXN0YUjUrp3h5YCAgAhaHRAAEAEYABgBIgthYmlkaW4gdXN0YSoGCAIQABABkgESdHVya2lzaF9yZXN0YXVyYW50mgEjQ2haRFNVaE5NRzluUzBWSlEwRm5TVU5qTlRjek1FRm5FQUWqARMQASoPIgthYmlkaW4gdXN0YSgh&amp;phdesc=2-t1xHb74rY&amp;rlst=f#rlfi=hd:;si:7809707774228799532;mv:[[40.186018150192176,29.068432838806938],[40.18356740264431,29.062446148285698],null,[40.18479278748553,29.065439493546318],18]\" target=\"_blank\" rel=\"noopener\">Konum<\/a><\/p>\n<h5>KESTEL<\/h5>\n<p>Adres: Ahmet Vefik Pa\u015fa Osb Kestel\/Bursa<br \/>\n<a href=\"https:\/\/www.google.com\/search?q=abidin%20usta&amp;hl=tr&amp;sxsrf=AOaemvJHXS_xhypZZam6I1ZU8EWIVfJFUQ:1633606034060&amp;source=hp&amp;ei=jtleYb-rIOmlqtsP45GxyA4&amp;iflsig=ALs-wAMAAAAAYV7nnuyJUr2jlquOpcgP4G57zwT40yce&amp;ved=2ahUKEwj8kfPamLjzAhVY_7sIHTgLAxYQvS56BAgKEDs&amp;uact=5&amp;oq=abidin+usta&amp;gs_lcp=Cgdnd3Mtd2l6EAMyBAgjECcyBAgjECcyCgguEMcBEK8BEEMyBwgAEMkDEEMyBQgAEJIDMgsILhCABBDHARCvATIFCAAQgAQyBQgAEIAEMgUIABCABDIFCAAQgAQ6BAgAEEM6BAguEEM6CAgAEIAEELEDOgcILhCxAxBDOgsIABCABBCxAxCDAToICC4QgAQQsQNQqghYmhZg6hdoAHAAeACAAZABiAHjCpIBBDAuMTGYAQCgAQE&amp;sclient=gws-wiz&amp;tbs=lf:1,lf_ui:9&amp;tbm=lcl&amp;rflfq=1&amp;num=10&amp;rldimm=7809707774228799532&amp;lqi=CgthYmlkaW4gdXN0YUjUrp3h5YCAgAhaHRAAEAEYABgBIgthYmlkaW4gdXN0YSoGCAIQABABkgESdHVya2lzaF9yZXN0YXVyYW50mgEjQ2haRFNVaE5NRzluUzBWSlEwRm5TVU5qTlRjek1FRm5FQUWqARMQASoPIgthYmlkaW4gdXN0YSgh&amp;phdesc=2-t1xHb74rY&amp;rlst=f#rlfi=hd:;si:2019265839916487708;mv:[[40.198749998004025,29.203866185901273],[40.196299710489065,29.197879495380032],null,[40.197524865314655,29.200872840640653],18]\" target=\"_blank\" rel=\"noopener\"><img loading=\"lazy\" decoding=\"async\" class=\"alignnone wp-image-1571\" src=\"https:\/\/selimkusmez.com\/abidinusta\/wp-content\/uploads\/2021\/10\/konum.png\" alt=\"\" width=\"22\" height=\"22\" \/><\/a> <a href=\"https:\/\/www.google.com\/search?q=abidin%20usta&amp;hl=tr&amp;sxsrf=AOaemvJHXS_xhypZZam6I1ZU8EWIVfJFUQ:1633606034060&amp;source=hp&amp;ei=jtleYb-rIOmlqtsP45GxyA4&amp;iflsig=ALs-wAMAAAAAYV7nnuyJUr2jlquOpcgP4G57zwT40yce&amp;ved=2ahUKEwj8kfPamLjzAhVY_7sIHTgLAxYQvS56BAgKEDs&amp;uact=5&amp;oq=abidin+usta&amp;gs_lcp=Cgdnd3Mtd2l6EAMyBAgjECcyBAgjECcyCgguEMcBEK8BEEMyBwgAEMkDEEMyBQgAEJIDMgsILhCABBDHARCvATIFCAAQgAQyBQgAEIAEMgUIABCABDIFCAAQgAQ6BAgAEEM6BAguEEM6CAgAEIAEELEDOgcILhCxAxBDOgsIABCABBCxAxCDAToICC4QgAQQsQNQqghYmhZg6hdoAHAAeACAAZABiAHjCpIBBDAuMTGYAQCgAQE&amp;sclient=gws-wiz&amp;tbs=lf:1,lf_ui:9&amp;tbm=lcl&amp;rflfq=1&amp;num=10&amp;rldimm=7809707774228799532&amp;lqi=CgthYmlkaW4gdXN0YUjUrp3h5YCAgAhaHRAAEAEYABgBIgthYmlkaW4gdXN0YSoGCAIQABABkgESdHVya2lzaF9yZXN0YXVyYW50mgEjQ2haRFNVaE5NRzluUzBWSlEwRm5TVU5qTlRjek1FRm5FQUWqARMQASoPIgthYmlkaW4gdXN0YSgh&amp;phdesc=2-t1xHb74rY&amp;rlst=f#rlfi=hd:;si:2019265839916487708;mv:[[40.198749998004025,29.203866185901273],[40.196299710489065,29.197879495380032],null,[40.197524865314655,29.200872840640653],18]\" target=\"_blank\" rel=\"noopener\">Konum<\/a><\/p>\n<h5>\u0130STANBUL YOLU<\/h5>\n<p>Adres: Panay\u0131r, Matl\u0131 Plaza, \u0130stanbul Cad, No:492\/A Osmangazi\/Bursa<br \/>\nTel: (0224) 211 17 17<br \/>\n<a href=\"https:\/\/www.google.com\/search?q=abidin+usta+istanbul+yolu&amp;tbm=lcl&amp;sxsrf=AOaemvJL06p1G5hgAPXEPRU0JRmcB6LmpA%3A1633604701880&amp;ei=XdReYfKbNfCExc8P6OiM6AY&amp;oq=abidin+usta+istanbu&amp;gs_l=psy-ab.3.0.0i512k1j0i22i30k1.147032.148559.0.149923.8.8.0.0.0.0.150.1050.0j8.8.0....0...1c.1.64.psy-ab..0.8.1048...38j0i512i457k1j0i402k1j0i67k1.0.jCmr8CFSLcE#rlfi=hd:;si:;mv:[[40.24748947731903,29.064624999932533],[40.24712952268097,29.064153400067458]]\" target=\"_blank\" rel=\"noopener\"><img loading=\"lazy\" decoding=\"async\" class=\"alignnone wp-image-1571\" src=\"https:\/\/selimkusmez.com\/abidinusta\/wp-content\/uploads\/2021\/10\/konum.png\" alt=\"\" width=\"22\" height=\"22\" \/><\/a> <a href=\"https:\/\/www.google.com\/search?q=abidin+usta+istanbul+yolu&amp;tbm=lcl&amp;sxsrf=AOaemvJL06p1G5hgAPXEPRU0JRmcB6LmpA%3A1633604701880&amp;ei=XdReYfKbNfCExc8P6OiM6AY&amp;oq=abidin+usta+istanbu&amp;gs_l=psy-ab.3.0.0i512k1j0i22i30k1.147032.148559.0.149923.8.8.0.0.0.0.150.1050.0j8.8.0....0...1c.1.64.psy-ab..0.8.1048...38j0i512i457k1j0i402k1j0i67k1.0.jCmr8CFSLcE#rlfi=hd:;si:;mv:[[40.24748947731903,29.064624999932533],[40.24712952268097,29.064153400067458]]\" target=\"_blank\" rel=\"noopener\">Konum<\/a>[\/vc_column_text][\/vc_column][vc_column width=&#8221;1\/2&#8243;]<div class=\"roch-stylest-contact-form rodich-contact-69f5ca4e42f1d contact-box-two\"><div role=\"form\" class=\"wpcf7\" id=\"wpcf7-f1203-o1\" lang=\"en-US\" dir=\"ltr\">\n<div class=\"screen-reader-response\"><p role=\"status\" aria-live=\"polite\" aria-atomic=\"true\"><\/p> <ul><\/ul><\/div>\n<form action=\"\/index.php?rest_route=%2Fwp%2Fv2%2Fpages%2F183#wpcf7-f1203-o1\" method=\"post\" class=\"wpcf7-form init\" novalidate=\"novalidate\" data-status=\"init\">\n<div style=\"display: none;\">\n<input type=\"hidden\" name=\"_wpcf7\" value=\"1203\" \/>\n<input type=\"hidden\" name=\"_wpcf7_version\" value=\"5.4.2\" \/>\n<input type=\"hidden\" name=\"_wpcf7_locale\" value=\"en_US\" \/>\n<input type=\"hidden\" name=\"_wpcf7_unit_tag\" value=\"wpcf7-f1203-o1\" \/>\n<input type=\"hidden\" name=\"_wpcf7_container_post\" value=\"0\" \/>\n<input type=\"hidden\" name=\"_wpcf7_posted_data_hash\" value=\"\" \/>\n<\/div>\n<div class=\"row roch-styt-cont-form-group roch-styt-cont-form-row\"><div class=\"col-md-6 roch-styt-cont-col\"><span class=\"wpcf7-form-control-wrap your-name\"><input type=\"text\" name=\"your-name\" value=\"\" size=\"40\" class=\"wpcf7-form-control wpcf7-text wpcf7-validates-as-required\" aria-required=\"true\" aria-invalid=\"false\" placeholder=\"\u0130sim*\" \/><\/span><\/div><div class=\"col-md-6 roch-styt-cont-col\"><span class=\"wpcf7-form-control-wrap your-email\"><input type=\"email\" name=\"your-email\" value=\"\" size=\"40\" class=\"wpcf7-form-control wpcf7-text wpcf7-email wpcf7-validates-as-required wpcf7-validates-as-email\" aria-required=\"true\" aria-invalid=\"false\" placeholder=\"E-mail*\" \/><\/span><\/div><\/div><div class=\"row  roch-styt-cont-form-row\"><div class=\"col-md-12 roch-styt-cont-col\"><span class=\"wpcf7-form-control-wrap your-subject\"><input type=\"text\" name=\"your-subject\" value=\"\" size=\"40\" class=\"wpcf7-form-control wpcf7-text\" aria-invalid=\"false\" placeholder=\"Konu\" \/><\/span><\/div><\/div><div class=\"row  roch-styt-cont-form-row\"><div class=\"col-md-12 roch-text-message-fi roch-styt-cont-col\"><span class=\"wpcf7-form-control-wrap your-message\"><textarea name=\"your-message\" cols=\"40\" rows=\"10\" class=\"wpcf7-form-control wpcf7-textarea\" aria-invalid=\"false\" placeholder=\"Mesaj\"><\/textarea><\/span><\/div><\/div><input type=\"submit\" value=\"G\u00f6nder\" class=\"wpcf7-form-control wpcf7-submit\" \/><\/p>\n<div class=\"wpcf7-response-output\" aria-hidden=\"true\"><\/div><\/form><\/div><\/div>[\/vc_column][\/vc_row]<\/p>\n","protected":false},"excerpt":{"rendered":"[vc_row overlay_dotted=&#8221;&#8221; css=&#8221;.vc_custom_1495447296627{padding-top: 80px !important;padding-bottom: 55px !important;}&#8221;][vc_column width=&#8221;1\/2&#8243;][vc_column_text] TUZPAZARI Adres: Alacamescit Mahallesi, Bayathane Cad, Tuzpazar\u0131 No:8 Osmangazi\/Bursa Tel: (0224) 222 23 78 Konum KESTEL Adres: Ahmet Vefik Pa\u015fa Osb Kestel\/Bursa Konum \u0130STANBUL YOLU Adres: Panay\u0131r, Matl\u0131 Plaza, \u0130stanbul Cad, No:492\/A Osmangazi\/Bursa Tel: (0224) 211 17 17 Konum[\/vc_column_text][\/vc_column][vc_column width=&#8221;1\/2&#8243;][\/vc_column][\/vc_row]","protected":false},"author":1,"featured_media":0,"parent":0,"menu_order":0,"comment_status":"closed","ping_status":"closed","template":"","meta":{"footnotes":""},"class_list":["post-183","page","type-page","status-publish","hentry"],"_links":{"self":[{"href":"https:\/\/abidinusta.com.tr\/index.php?rest_route=\/wp\/v2\/pages\/183","targetHints":{"allow":["GET"]}}],"collection":[{"href":"https:\/\/abidinusta.com.tr\/index.php?rest_route=\/wp\/v2\/pages"}],"about":[{"href":"https:\/\/abidinusta.com.tr\/index.php?rest_route=\/wp\/v2\/types\/page"}],"author":[{"embeddable":true,"href":"https:\/\/abidinusta.com.tr\/index.php?rest_route=\/wp\/v2\/users\/1"}],"replies":[{"embeddable":true,"href":"https:\/\/abidinusta.com.tr\/index.php?rest_route=%2Fwp%2Fv2%2Fcomments&post=183"}],"version-history":[{"count":15,"href":"https:\/\/abidinusta.com.tr\/index.php?rest_route=\/wp\/v2\/pages\/183\/revisions"}],"predecessor-version":[{"id":1578,"href":"https:\/\/abidinusta.com.tr\/index.php?rest_route=\/wp\/v2\/pages\/183\/revisions\/1578"}],"wp:attachment":[{"href":"https:\/\/abidinusta.com.tr\/index.php?rest_route=%2Fwp%2Fv2%2Fmedia&parent=183"}],"curies":[{"name":"wp","href":"https:\/\/api.w.org\/{rel}","templated":true}]}}